{"id":9,"date":"2025-10-21T19:01:18","date_gmt":"2025-10-21T19:01:18","guid":{"rendered":"https:\/\/semigallia.lv\/?page_id=9"},"modified":"2025-10-21T19:01:18","modified_gmt":"2025-10-21T19:01:18","slug":"dalibnieki","status":"publish","type":"page","link":"https:\/\/semigallia.lv\/?page_id=9","title":{"rendered":"Dal\u012bbnieki"},"content":{"rendered":"\n<p><br><strong>Daina Ievi\u0146a<\/strong> &#8211; \u0100rpus biedr\u012bbas esmu in\u017eenierkomunik\u0101ciju projekt\u0113t\u0101ja un LBTU lektore. Papildus nodarbojos ar da\u017e\u0101diem rokdarbiem Dobeles amatu m\u0101j\u0101.<br>\u0160eit rekonstrukcijas klub\u0101 SEMIGALLIA es p\u0101rst\u0101vu savus sen\u010dus no zemga\u013cu un \u017eemai\u0161u zem\u0113m. Mana nodarbo\u0161an\u0101s \u0161eit ir sievu darbi un dziju kr\u0101so\u0161ana ar dabas velt\u0113m, adatas pinums, au\u0161ana ar un bez stell\u0113m un \u0101das \u0161\u016b\u0161ana. Pat\u012bk latvju rota\u013cas un dziesmas, vadu pirts ritu\u0101lus un protu burties.<br><strong>D\u0101vis Ievi\u0146\u0161<\/strong> &#8211; \u0100rpus biedr\u012bbas esmu rotkalis un LNOB butaforu m\u0101kslinieks. Papildus nodarbojos ar lok\u0161au\u0161anu un apm\u0101cu citus. \u0160eit rekonstrukcijas klub\u0101 SEMIGALLIA es p\u0101rst\u0101vu savus sen\u010dus no zemga\u013cu un \u017eemai\u0161u zem\u0113m. Mana nodarbo\u0161an\u0101s \u0161eit ir viduslaiku c\u012b\u0146as, lok\u0161au\u0161ana un rotu izgatavo\u0161ana. Pat\u012bk latvju dejas un dziesmas, vadu pirts ritu\u0101lus un m\u0101cos sen\u0101s rakst\u012bbas ar r\u016bn\u0101m.<\/p>\n\n\n\n<p class=\"has-medium-font-size\"><\/p>\n","protected":false},"excerpt":{"rendered":"<p>Daina Ievi\u0146a &#8211; \u0100rpus biedr\u012bbas esmu in\u017eenierkomunik\u0101ciju projekt\u0113t\u0101ja un LBTU lektore. Papildus nodarbojos ar da\u017e\u0101diem rokdarbiem Dobeles amatu m\u0101j\u0101.\u0160eit rekonstrukcijas klub\u0101 SEMIGALLIA es p\u0101rst\u0101vu savus sen\u010dus no zemga\u013cu un \u017eemai\u0161u zem\u0113m. Mana nodarbo\u0161an\u0101s \u0161eit ir sievu darbi un dziju kr\u0101so\u0161ana ar dabas velt\u0113m, adatas pinums, au\u0161ana ar un bez stell\u0113m un \u0101das \u0161\u016b\u0161ana. Pat\u012bk latvju [&hellip;]<\/p>\n","protected":false},"author":1,"featured_media":0,"parent":0,"menu_order":0,"comment_status":"closed","ping_status":"closed","template":"","meta":{"footnotes":""},"class_list":["post-9","page","type-page","status-publish","hentry"],"_links":{"self":[{"href":"https:\/\/semigallia.lv\/index.php?rest_route=\/wp\/v2\/pages\/9","targetHints":{"allow":["GET"]}}],"collection":[{"href":"https:\/\/semigallia.lv\/index.php?rest_route=\/wp\/v2\/pages"}],"about":[{"href":"https:\/\/semigallia.lv\/index.php?rest_route=\/wp\/v2\/types\/page"}],"author":[{"embeddable":true,"href":"https:\/\/semigallia.lv\/index.php?rest_route=\/wp\/v2\/users\/1"}],"replies":[{"embeddable":true,"href":"https:\/\/semigallia.lv\/index.php?rest_route=%2Fwp%2Fv2%2Fcomments&post=9"}],"version-history":[{"count":1,"href":"https:\/\/semigallia.lv\/index.php?rest_route=\/wp\/v2\/pages\/9\/revisions"}],"predecessor-version":[{"id":10,"href":"https:\/\/semigallia.lv\/index.php?rest_route=\/wp\/v2\/pages\/9\/revisions\/10"}],"wp:attachment":[{"href":"https:\/\/semigallia.lv\/index.php?rest_route=%2Fwp%2Fv2%2Fmedia&parent=9"}],"curies":[{"name":"wp","href":"https:\/\/api.w.org\/{rel}","templated":true}]}}